{"id":333,"date":"2022-10-17T13:02:42","date_gmt":"2022-10-17T13:02:42","guid":{"rendered":"https:\/\/remind.dev-yearning.de\/?page_id=333"},"modified":"2023-02-27T15:49:06","modified_gmt":"2023-02-27T15:49:06","slug":"imressum","status":"publish","type":"page","link":"https:\/\/remind-box.de\/index.php\/imressum\/","title":{"rendered":"Impressum"},"content":{"rendered":"\t\t<div data-elementor-type=\"wp-page\" data-elementor-id=\"333\" class=\"elementor elementor-333\">\n\t\t\t\t\t\t\t\t\t<section class=\"elementor-section elementor-top-section elementor-element elementor-element-15a1f87 elementor-section-boxed elementor-section-height-default elementor-section-height-default\" data-id=\"15a1f87\" data-element_type=\"section\">\n\t\t\t\t\t\t<div class=\"elementor-container elementor-column-gap-default\">\n\t\t\t\t\t<div class=\"elementor-column elementor-col-100 elementor-top-column elementor-element elementor-element-bd43dcd\" data-id=\"bd43dcd\" data-element_type=\"column\">\n\t\t\t<div class=\"elementor-widget-wrap\">\n\t\t\t\t\t\t\t\t\t<\/div>\n\t\t<\/div>\n\t\t\t\t\t\t\t<\/div>\n\t\t<\/section>\n\t\t\t\t<section class=\"elementor-section elementor-top-section elementor-element elementor-element-efa080b elementor-section-boxed elementor-section-height-default elementor-section-height-default\" data-id=\"efa080b\" data-element_type=\"section\">\n\t\t\t\t\t\t<div class=\"elementor-container elementor-column-gap-default\">\n\t\t\t\t\t<div class=\"elementor-column elementor-col-100 elementor-top-column elementor-element elementor-element-a7e9f3c\" data-id=\"a7e9f3c\" data-element_type=\"column\">\n\t\t\t<div class=\"elementor-widget-wrap\">\n\t\t\t\t\t\t\t\t\t<\/div>\n\t\t<\/div>\n\t\t\t\t\t\t\t<\/div>\n\t\t<\/section>\n\t\t\t\t<section class=\"elementor-section elementor-top-section elementor-element elementor-element-04f1570 elementor-section-boxed elementor-section-height-default elementor-section-height-default\" data-id=\"04f1570\" data-element_type=\"section\">\n\t\t\t\t\t\t<div class=\"elementor-container elementor-column-gap-default\">\n\t\t\t\t\t<div class=\"elementor-column elementor-col-100 elementor-top-column elementor-element elementor-element-1ca47ed\" data-id=\"1ca47ed\" data-element_type=\"column\">\n\t\t\t<div class=\"elementor-widget-wrap elementor-element-populated\">\n\t\t\t\t\t\t\t\t<div class=\"elementor-element elementor-element-d8ee2cd elementor-widget elementor-widget-heading\" data-id=\"d8ee2cd\" data-element_type=\"widget\" data-widget_type=\"heading.default\">\n\t\t\t\t<div class=\"elementor-widget-container\">\n\t\t\t<style>\/*! elementor - v3.7.8 - 02-10-2022 *\/\n.elementor-heading-title{padding:0;margin:0;line-height:1}.elementor-widget-heading .elementor-heading-title[class*=elementor-size-]>a{color:inherit;font-size:inherit;line-height:inherit}.elementor-widget-heading .elementor-heading-title.elementor-size-small{font-size:15px}.elementor-widget-heading .elementor-heading-title.elementor-size-medium{font-size:19px}.elementor-widget-heading .elementor-heading-title.elementor-size-large{font-size:29px}.elementor-widget-heading .elementor-heading-title.elementor-size-xl{font-size:39px}.elementor-widget-heading .elementor-heading-title.elementor-size-xxl{font-size:59px}<\/style><h3 class=\"elementor-heading-title elementor-size-default\">Impressum<\/h3>\t\t<\/div>\n\t\t\t\t<\/div>\n\t\t\t\t<div class=\"elementor-element elementor-element-9cb5a37 elementor-widget elementor-widget-text-editor\" data-id=\"9cb5a37\" data-element_type=\"widget\" data-widget_type=\"text-editor.default\">\n\t\t\t\t<div class=\"elementor-widget-container\">\n\t\t\t<style>\/*! elementor - v3.7.8 - 02-10-2022 *\/\n.elementor-widget-text-editor.elementor-drop-cap-view-stacked .elementor-drop-cap{background-color:#818a91;color:#fff}.elementor-widget-text-editor.elementor-drop-cap-view-framed .elementor-drop-cap{color:#818a91;border:3px solid;background-color:transparent}.elementor-widget-text-editor:not(.elementor-drop-cap-view-default) .elementor-drop-cap{margin-top:8px}.elementor-widget-text-editor:not(.elementor-drop-cap-view-default) .elementor-drop-cap-letter{width:1em;height:1em}.elementor-widget-text-editor .elementor-drop-cap{float:left;text-align:center;line-height:1;font-size:50px}.elementor-widget-text-editor .elementor-drop-cap-letter{display:inline-block}<\/style>\t\t\t\t<p>Angaben gem\u00e4\u00df \u00a7 5 TMG<\/p><p>workingwell GmbH<\/p><p>Karlstra\u00dfe 44<\/p><p>80333 M\u00fcnchen<\/p><p>Handelsregister: HR-Nr. 231465<\/p><p>Registergericht: RG M\u00fcnchen<\/p><p><strong>Vertreten durch:<\/strong><\/p><p>Axel Praus<\/p><p><strong>Kontakt<\/strong><\/p><p>Telefon: +49 89 21539383<\/p><p>E-Mail: <a href=\"mailto:remind.box@workingwell.com\">remind.box@workingwell.com<\/a><\/p><p>www.workingwell.com<\/p><p><strong>Postadresse<\/strong><\/p><p>workingwell GmbH<\/p><p>Karlstra\u00dfe 44<\/p><p>80333 M\u00fcnchen<\/p><p>Axel Praus<\/p><p>Telefon: +49 89 21539383<\/p><p>E-Mail: <a href=\"mailto:remind.box@workingwell.com\">remind.box@workingwell.com<\/a><\/p><p><strong>Umsatzsteuer-ID<\/strong><\/p><p>Umsatzsteuer-Identifikationsnummer gem\u00e4\u00df \u00a7 27 a Umsatzsteuergesetz:<\/p><p>DE310927062<\/p><p><strong>Redaktionell verantwortlich<\/strong><\/p><p>Herr Axel Praus, Anschrift wie oben<\/p><p><strong>EU-Streitschlichtung<\/strong><\/p><p>Die Europ\u00e4ische Kommission stellt eine Plattform zur Online-Streitbeilegung (OS) bereit:<\/p><p>https:\/\/ec.europa.eu\/consumers\/odr\/.<\/p><p>Unsere E-Mail-Adresse finden Sie oben im Impressum.<\/p><p><strong>Verbraucherstreitbeilegung\/Universalschlichtungsstelle<\/strong><\/p><p>Wir sind nicht bereit oder verpflichtet, an Streitbeilegungsverfahren vor einer Verbraucherschlichtungsstelle teilzunehmen.<\/p>\t\t\t\t\t\t<\/div>\n\t\t\t\t<\/div>\n\t\t\t\t<div class=\"elementor-element elementor-element-cc2f384 elementor-widget elementor-widget-text-editor\" data-id=\"cc2f384\" data-element_type=\"widget\" data-widget_type=\"text-editor.default\">\n\t\t\t\t<div class=\"elementor-widget-container\">\n\t\t\t\t\t\t\t<p>Angaben gem\u00e4\u00df \u00a7 5 TMG<\/p><p>workingwell GmbH<\/p><p>Karlstra\u00dfe 44<\/p><p>80333 M\u00fcnchen<\/p><p>Handelsregister: HR-Nr. 231465<\/p><p>Registergericht: RG M\u00fcnchen<\/p><p><strong>Vertreten durch:<\/strong><\/p><p>Axel Praus<\/p><p><strong>Kontakt<\/strong><\/p><p>Telefon: +49 89 21539383<\/p><p>E-Mail: <a href=\"mailto:info@workingwell.com\">info@workingwell.com<\/a><\/p><p>www.workingwell.com\u00a0<\/p><p><strong>Postadresse<\/strong><\/p><p>workingwell GmbH<\/p><p>Karlstra\u00dfe 44<\/p><p>80333 M\u00fcnchen<\/p><p>Axel Praus<\/p><p>Telefon: +49 89 21539383<\/p><p>E-Mail: <a href=\"mailto:info@workingwell.com#\">info<\/a><a href=\"mailto:info@workingwell.com#\">@workingwell.com<\/a><\/p><p><strong>Umsatzsteuer-ID<\/strong><\/p><p>Umsatzsteuer-Identifikationsnummer gem\u00e4\u00df \u00a7 27 a Umsatzsteuergesetz:<\/p><p>DE310927062<\/p><p><strong>Redaktionell verantwortlich<\/strong><\/p><p>Herr Axel Praus, Anschrift wie oben<\/p><p><strong>EU-Streitschlichtung<\/strong><\/p><p>Die Europ\u00e4ische Kommission stellt eine Plattform zur Online-Streitbeilegung (OS) bereit:<\/p><p>https:\/\/ec.europa.eu\/consumers\/odr\/.<\/p><p>Unsere E-Mail-Adresse finden Sie oben im Impressum.<\/p><p><strong>Verbraucherstreitbeilegung\/Universalschlichtungsstelle<\/strong><\/p><p>Wir sind nicht bereit oder verpflichtet, an Streitbeilegungsverfahren vor einer Verbraucherschlichtungsstelle teilzunehmen.<\/p>\t\t\t\t\t\t<\/div>\n\t\t\t\t<\/div>\n\t\t\t\t\t<\/div>\n\t\t<\/div>\n\t\t\t\t\t\t\t<\/div>\n\t\t<\/section>\n\t\t\t\t\t\t\t<\/div>\n\t\t","protected":false},"excerpt":{"rendered":"<p>Impressum Angaben gem\u00e4\u00df \u00a7 5 TMG workingwell GmbH Karlstra\u00dfe 44 80333 M\u00fcnchen Handelsregister: HR-Nr. 231465 Registergericht: RG M\u00fcnchen Vertreten durch: Axel Praus Kontakt Telefon: +49 89 21539383 E-Mail: remind.box@workingwell.com www.workingwell.com Postadresse workingwell GmbH Karlstra\u00dfe 44 80333 M\u00fcnchen Axel Praus Telefon: +49 89 21539383 E-Mail: remind.box@workingwell.com Umsatzsteuer-ID Umsatzsteuer-Identifikationsnummer gem\u00e4\u00df \u00a7 27 a Umsatzsteuergesetz: DE310927062 Redaktionell verantwortlich &#8230; <br \/><a class=\"readmore\" href=\"https:\/\/remind-box.de\/index.php\/imressum\/\"> Weiterlesen <span class=\"ycwp-arrow-right\"><\/span><\/a><\/p>\n","protected":false},"author":1,"featured_media":0,"parent":0,"menu_order":0,"comment_status":"closed","ping_status":"closed","template":"","meta":[],"_links":{"self":[{"href":"https:\/\/remind-box.de\/index.php\/wp-json\/wp\/v2\/pages\/333"}],"collection":[{"href":"https:\/\/remind-box.de\/index.php\/wp-json\/wp\/v2\/pages"}],"about":[{"href":"https:\/\/remind-box.de\/index.php\/wp-json\/wp\/v2\/types\/page"}],"author":[{"embeddable":true,"href":"https:\/\/remind-box.de\/index.php\/wp-json\/wp\/v2\/users\/1"}],"replies":[{"embeddable":true,"href":"https:\/\/remind-box.de\/index.php\/wp-json\/wp\/v2\/comments?post=333"}],"version-history":[{"count":47,"href":"https:\/\/remind-box.de\/index.php\/wp-json\/wp\/v2\/pages\/333\/revisions"}],"predecessor-version":[{"id":1270,"href":"https:\/\/remind-box.de\/index.php\/wp-json\/wp\/v2\/pages\/333\/revisions\/1270"}],"wp:attachment":[{"href":"https:\/\/remind-box.de\/index.php\/wp-json\/wp\/v2\/media?parent=333"}],"curies":[{"name":"wp","href":"https:\/\/api.w.org\/{rel}","templated":true}]}}